{"id":8642,"date":"2019-11-06T16:29:37","date_gmt":"2019-11-06T15:29:37","guid":{"rendered":"https:\/\/www.sprachschule-aktiv-koeln.de\/deutsch-abendkurse\/"},"modified":"2026-03-18T09:27:24","modified_gmt":"2026-03-18T08:27:24","slug":"aksam-almanca-kurslari","status":"publish","type":"page","link":"https:\/\/www.sprachschule-aktiv-koeln.de\/tr\/aksam-almanca-kurslari\/","title":{"rendered":"Ak\u015fam Almanca kurslar\u0131"},"content":{"rendered":"<p>[vc_row css=&#8221;.vc_custom_1680074978410{margin-top: 40px !important;}&#8221;][vc_column][vc_column_text]<\/p>\n<h1>K\u00f6ln&#8217;de ak\u015fam Almanca kurslar\u0131 &#8211; yeni ba\u015flayanlar ve ileri seviyedekiler i\u00e7in<\/h1>\n<p>[\/vc_column_text][vc_row_inner][vc_column_inner width=&#8221;1\/2&#8243;][vc_single_image image=&#8221;8645&#8243; img_size=&#8221;full&#8221;][\/vc_column_inner][vc_column_inner width=&#8221;1\/2&#8243;][vc_column_text]Almanca \u00f6\u011frenmek veya mevcut bilginizi geli\u015ftirmek istiyorsunuz ancak yo\u011fun bir kurs i\u00e7in zaman\u0131n\u0131z m\u0131 yok?<\/p>\n<p>Bir ak\u015fam kursunda dil becerilerinizi optimize etmek i\u00e7in teklifimizden yararlan\u0131n! K\u00f6ln&#8217;deki profesyonel Almanca \u00f6\u011fretmenlerimizin hepsinin anadili Almanca&#8217;d\u0131r ve Almanca dilini otantik ve a\u00e7\u0131k bir \u015fekilde yap\u0131land\u0131r\u0131lm\u0131\u015f bir \u015fekilde \u00f6\u011fretirler.[\/vc_column_text][vc_column_text]<a class=\"whyaweb-kontakt\" href=\"#\">H\u0131zl\u0131 bilgi<\/a>[\/vc_column_text][\/vc_column_inner][\/vc_row_inner][\/vc_column][\/vc_row][vc_row css=&#8221;.vc_custom_1680075194506{margin-top: 30px !important;}&#8221;][vc_column][vc_column_text]<\/p>\n<h2>Almanca ak\u015fam kursunda neler \u00f6\u011freniyorsunuz?<\/h2>\n<p>Ak\u015fam Almanca kurslar\u0131m\u0131z, sa\u011flam bir ders kitab\u0131na ve destekleyici ek materyallere dayanan yap\u0131land\u0131r\u0131lm\u0131\u015f bir \u00f6\u011fretim program\u0131n\u0131 takip eder. Nispeten az bir s\u00fcreye ra\u011fmen, k\u0131sa s\u00fcrede interaktif \u00f6\u011fretim tarz\u0131ndan yararlanacaks\u0131n\u0131z. A1&#8217;de \u00f6nce fiil \u00e7ekimlerini \u00f6\u011frenir ve bunlar\u0131 \u00f6zne ile birle\u015ftirerek basit c\u00fcmleler kurars\u0131n\u0131z, b\u00f6ylece ilk birka\u00e7 randevudan sonra kendinizi tan\u0131tabilir ve bir konu\u015fma partnerinden bilgi isteyebilirsiniz. B veya C seviyesinde ileri d\u00fczeyde Almanca \u00f6\u011frenenler, dinleme ve okuma anlaman\u0131n yan\u0131 s\u0131ra s\u00f6zl\u00fc ve yaz\u0131l\u0131 ifadede karma\u015f\u0131k dil yap\u0131lar\u0131n\u0131 anlamay\u0131 ve kullanmay\u0131 \u00f6\u011frenirler.<\/p>\n<h2>K\u00f6ln&#8217;de bir ak\u015fam kursunda Almanca \u00f6\u011frenin &#8211; Aralar\u0131ndan se\u00e7im yapabilece\u011finiz 2 kurs<\/h2>\n<p>\u00d6\u011frenme s\u00fcrecinize i\u015ften sonra ba\u015flay\u0131n ve etkili bir \u015fekilde Almanca \u00f6\u011frenin! \u0130ki farkl\u0131 model aras\u0131nda se\u00e7im yapabilirsiniz. Her iki kurs da program\u0131m\u0131zdaki A1&#8217;den C2&#8217;ye kadar olan yeni ba\u015flayanlar ve ileri d\u00fczey \u00f6\u011frenciler i\u00e7indir. Ak\u015fam Almanca kurslar\u0131m\u0131z\u0131n kalitesi konusunda hen\u00fcz ikna olmad\u0131n\u0131z m\u0131? Bizi \u00fccretsiz bir deneme dersinde deneyin ve \u00f6\u011fretmene ve ders tarz\u0131na daha yak\u0131ndan bak\u0131n! Sizinle tan\u0131\u015fmak i\u00e7in sab\u0131rs\u0131zlan\u0131yoruz.<br \/>\n[\/vc_column_text][\/vc_column][\/vc_row][vc_row full_width=&#8221;stretch_row&#8221; css=&#8221;.vc_custom_1680075731235{padding-top: 15px !important;padding-bottom: 30px !important;background-color: #f8f8f8 !important;}&#8221;][vc_column][vc_column_text]<\/p>\n<h2>Almanca Ak\u015fam Kurs T\u00fcr\u00fc 1:<\/h2>\n<ul>\n<li>S\u00fcre: 4 hafta, haftada 2 x \u00e0 Ak\u015fam ba\u015f\u0131na 135 dakika.<\/li>\n<\/ul>\n<p>T\u00fcm seviyeler her ay\u0131n ilk Sal\u0131 g\u00fcn\u00fc ba\u015flar.<\/p>\n<ul>\n<li>\u00dccret: 4 hafta i\u00e7in 279 \u20ac. 499 \u20ac \u00f6zel fiyat! 8 haftal\u0131k rezervasyon yap\u0131ld\u0131\u011f\u0131nda.<\/li>\n<li>Tarih: Dersler her zaman Sal\u0131 ve Per\u015fembe g\u00fcnleri yap\u0131lmaktad\u0131r.<\/li>\n<\/ul>\n<p>\u00d6ZEL F\u0130YAT : 8 haftal\u0131k rezervasyonlarda 499 \u20ac !<\/p>\n<p>\n<table id=\"tablepress-18\" class=\"tablepress tablepress-id-18\">\n<thead>\n<tr class=\"row-1\">\n\t<th class=\"column-1\">Ak\u015fam kursu<\/th><th class=\"column-2\">Kurs ba\u015flang\u0131c\u0131<\/th><th class=\"column-3\">Randevular<\/th><th class=\"column-4\">Zamanlar<\/th>\n<\/tr>\n<\/thead>\n<tbody class=\"row-striping row-hover\">\n<tr class=\"row-2\">\n\t<td class=\"column-1\">Nisan<\/td><td class=\"column-2\">07.04.2026<\/td><td class=\"column-3\">her Sal\u0131 ve Per\u015fembe<\/td><td class=\"column-4\">18:00 \u2013 20:15<\/td>\n<\/tr>\n<tr class=\"row-3\">\n\t<td class=\"column-1\">May\u0131s<\/td><td class=\"column-2\">05.05.2026<\/td><td class=\"column-3\">her Sal\u0131 ve Per\u015fembe<\/td><td class=\"column-4\">18:00 \u2013 20:15<\/td>\n<\/tr>\n<tr class=\"row-4\">\n\t<td class=\"column-1\">Haziran<\/td><td class=\"column-2\">02.06.2026<\/td><td class=\"column-3\">her Sal\u0131 ve Per\u015fembe<\/td><td class=\"column-4\">18:00 \u2013 20:15<\/td>\n<\/tr>\n<tr class=\"row-5\">\n\t<td class=\"column-1\">Temmuz<\/td><td class=\"column-2\">07.07.2026<\/td><td class=\"column-3\">her Sal\u0131 ve Per\u015fembe<\/td><td class=\"column-4\">18:00 \u2013 20:15<\/td>\n<\/tr>\n<tr class=\"row-6\">\n\t<td class=\"column-1\">A\u011fustos<\/td><td class=\"column-2\">04.08.2026<\/td><td class=\"column-3\">her Sal\u0131 ve Per\u015fembe<\/td><td class=\"column-4\">18:00 \u2013 20:15<\/td>\n<\/tr>\n<tr class=\"row-7\">\n\t<td class=\"column-1\">Eyl\u00fcl<\/td><td class=\"column-2\">08.09.2026<\/td><td class=\"column-3\">her Sal\u0131 ve Per\u015fembe<\/td><td class=\"column-4\">18:00 \u2013 20:15<\/td>\n<\/tr>\n<tr class=\"row-8\">\n\t<td class=\"column-1\">Ekim<\/td><td class=\"column-2\">06.10.2026<\/td><td class=\"column-3\">her Sal\u0131 ve Per\u015fembe<\/td><td class=\"column-4\">18:00 \u2013 20:15<\/td>\n<\/tr>\n<tr class=\"row-9\">\n\t<td class=\"column-1\">Kas\u0131m<\/td><td class=\"column-2\">03.11.2026<\/td><td class=\"column-3\">her Sal\u0131 ve Per\u015fembe<\/td><td class=\"column-4\">18:00 \u2013 20:15<\/td>\n<\/tr>\n<tr class=\"row-10\">\n\t<td class=\"column-1\">Aral\u0131k<\/td><td class=\"column-2\">01.12.2026<\/td><td class=\"column-3\">her Sal\u0131 ve Per\u015fembe<\/td><td class=\"column-4\">18:00 \u2013 20:15<\/td>\n<\/tr>\n<tr class=\"row-11\">\n\t<td class=\"column-1\">Ocak<\/td><td class=\"column-2\">05.01.2027<\/td><td class=\"column-3\">her Sal\u0131 ve Per\u015fembe<\/td><td class=\"column-4\">18:00 \u2013 20:15<\/td>\n<\/tr>\n<tr class=\"row-12\">\n\t<td class=\"column-1\">\u015eubat<\/td><td class=\"column-2\">02.02.2027<\/td><td class=\"column-3\">her Sal\u0131 ve Per\u015fembe<\/td><td class=\"column-4\">18:00 \u2013 20:15<\/td>\n<\/tr>\n<tr class=\"row-13\">\n\t<td class=\"column-1\">Mart<\/td><td class=\"column-2\">02.03.2027<\/td><td class=\"column-3\">her Sal\u0131 ve Per\u015fembe<\/td><td class=\"column-4\">18:00 \u2013 20:15<\/td>\n<\/tr>\n<tr class=\"row-14\">\n\t<td class=\"column-1\">*S\u00fcre:\t<\/td><td class=\"column-2\">4 hafta \/ haftada 2 x 135 dk.<\/td><td class=\"column-3\"><\/td><td class=\"column-4\"><\/td>\n<\/tr>\n<tr class=\"row-15\">\n\t<td class=\"column-1\">*Fiyat 279 \u20ac<\/td><td class=\"column-2\"><\/td><td class=\"column-3\"><\/td><td class=\"column-4\"><\/td>\n<\/tr>\n<tr class=\"row-16\">\n\t<td class=\"column-1\"><\/td><td class=\"column-2\"><\/td><td class=\"column-3\"><\/td><td class=\"column-4\"><\/td>\n<\/tr>\n<\/tbody>\n<\/table>\n<!-- #tablepress-18 from cache -->[\/vc_column_text][vc_column_text]<a class=\"whyaweb-anmeldung\" href=\"#\">\u015fimdi kaydolun<\/a>[\/vc_column_text][\/vc_column][\/vc_row][vc_row full_width=&#8221;stretch_row&#8221; css=&#8221;.vc_custom_1680075731235{padding-top: 15px !important;padding-bottom: 30px !important;background-color: #f8f8f8 !important;}&#8221;][vc_column][vc_column_text]<\/p>\n<h2>Almanca Ak\u015fam Kurs T\u00fcr\u00fc 2:<\/h2>\n<ul>\n<li>S\u00fcre: 12 hafta, haftada 1 x \u00e0 ak\u015fam ba\u015f\u0131na 90 dakika. Ba\u015flang\u0131\u00e7 tarihleri i\u00e7in a\u015fa\u011f\u0131daki tabloya bak\u0131n\u0131z.<\/li>\n<li>Maliyet: A1 &#8211; C2 aras\u0131 t\u00fcm seviyeler i\u00e7in 279 \u20ac<\/li>\n<\/ul>\n<p>\n<table id=\"tablepress-19\" class=\"tablepress tablepress-id-19\">\n<thead>\n<tr class=\"row-1\">\n\t<th class=\"column-1\">Ak\u015fam kursu\t<\/th><th class=\"column-2\">Kurs ba\u015flang\u0131c\u0131<\/th><th class=\"column-3\">Randevular<\/th><th class=\"column-4\">Zamanlar<\/th>\n<\/tr>\n<\/thead>\n<tbody class=\"row-striping row-hover\">\n<tr class=\"row-2\">\n\t<td class=\"column-1\">Nisan<\/td><td class=\"column-2\">07.04.2026<\/td><td class=\"column-3\">her Sal\u0131<\/td><td class=\"column-4\">18:00 - 19:30<\/td>\n<\/tr>\n<tr class=\"row-3\">\n\t<td class=\"column-1\">May\u0131s<\/td><td class=\"column-2\">05.05.2026<\/td><td class=\"column-3\">her Sal\u0131<\/td><td class=\"column-4\">18:00 - 19:30<\/td>\n<\/tr>\n<tr class=\"row-4\">\n\t<td class=\"column-1\">Haziran<\/td><td class=\"column-2\">02.06.2026<\/td><td class=\"column-3\">her Sal\u0131<\/td><td class=\"column-4\">18:00 - 19:30<\/td>\n<\/tr>\n<tr class=\"row-5\">\n\t<td class=\"column-1\">Temmuz<\/td><td class=\"column-2\">07.07.2026<\/td><td class=\"column-3\">her Sal\u0131<\/td><td class=\"column-4\">18:00 - 19:30<\/td>\n<\/tr>\n<tr class=\"row-6\">\n\t<td class=\"column-1\">A\u011fustos<\/td><td class=\"column-2\">04.08.2026<\/td><td class=\"column-3\">her Sal\u0131<\/td><td class=\"column-4\">18:00 - 19:30<\/td>\n<\/tr>\n<tr class=\"row-7\">\n\t<td class=\"column-1\">Eyl\u00fcl<\/td><td class=\"column-2\">08.09.2026<\/td><td class=\"column-3\">her Sal\u0131<\/td><td class=\"column-4\">18:00 - 19:30<\/td>\n<\/tr>\n<tr class=\"row-8\">\n\t<td class=\"column-1\">Ekim<\/td><td class=\"column-2\">06.10.2026<\/td><td class=\"column-3\">her Sal\u0131<\/td><td class=\"column-4\">18:00 - 19:30<\/td>\n<\/tr>\n<tr class=\"row-9\">\n\t<td class=\"column-1\">Kas\u0131m<\/td><td class=\"column-2\">03.11.2026<\/td><td class=\"column-3\">her Sal\u0131<\/td><td class=\"column-4\">18:00 - 19:30<\/td>\n<\/tr>\n<tr class=\"row-10\">\n\t<td class=\"column-1\">Aral\u0131k<\/td><td class=\"column-2\">01.12.2026<\/td><td class=\"column-3\">her Sal\u0131<\/td><td class=\"column-4\">18:00 - 19:30<\/td>\n<\/tr>\n<tr class=\"row-11\">\n\t<td class=\"column-1\">Ocak<\/td><td class=\"column-2\">05.01.2027<\/td><td class=\"column-3\">her Sal\u0131<\/td><td class=\"column-4\">18:00 - 19:30<\/td>\n<\/tr>\n<tr class=\"row-12\">\n\t<td class=\"column-1\">\u015eubat<\/td><td class=\"column-2\">02.02.2027<\/td><td class=\"column-3\">her Sal\u0131<\/td><td class=\"column-4\">18:00 - 19:30<\/td>\n<\/tr>\n<tr class=\"row-13\">\n\t<td class=\"column-1\">Mart<\/td><td class=\"column-2\">02.03.2027<\/td><td class=\"column-3\">her Sal\u0131<\/td><td class=\"column-4\">18:00 - 19:30<\/td>\n<\/tr>\n<tr class=\"row-14\">\n\t<td class=\"column-1\">*S\u00fcre:<\/td><td class=\"column-2\">12 hafta \/ haftada 90 dk<\/td><td class=\"column-3\"><\/td><td class=\"column-4\"><\/td>\n<\/tr>\n<tr class=\"row-15\">\n\t<td class=\"column-1\">*Fiyat 279 \u20ac<\/td><td class=\"column-2\"><\/td><td class=\"column-3\"><\/td><td class=\"column-4\"><\/td>\n<\/tr>\n<tr class=\"row-16\">\n\t<td class=\"column-1\"><\/td><td class=\"column-2\"><\/td><td class=\"column-3\"><\/td><td class=\"column-4\"><\/td>\n<\/tr>\n<\/tbody>\n<\/table>\n<!-- #tablepress-19 from cache -->[\/vc_column_text][vc_column_text]<a class=\"whyaweb-anmeldung\" href=\"#\">\u015fimdi kaydolun<\/a>[\/vc_column_text][\/vc_column][\/vc_row][vc_row][vc_column][vc_column_text]<\/p>\n<h2>K\u00f6ln&#8217;de ak\u015famlar\u0131 kim Almanca dersi veriyor? Profesyonel anadil konu\u015fmac\u0131lar\u0131<\/h2>\n<p>K\u00f6ln&#8217;deki Sprachschule Aktiv&#8217;de, yaln\u0131zca sa\u011flam, pedagojik e\u011fitim alm\u0131\u015f anadil konu\u015fmac\u0131lar\u0131 g\u00f6revlendiriyoruz. Ayr\u0131ca bilgi aktar\u0131m\u0131 konusunda da zengin bir deneyime sahiptirler. Bu nedenle do\u011fru Almancay\u0131, net telaffuzu ve makalelerin do\u011fru \u00e7ekimini duyacaks\u0131n\u0131z. Bu m\u00fckemmellik ancak anadil konu\u015fmac\u0131lar\u0131m\u0131z taraf\u0131ndan ger\u00e7ekle\u015ftirilebilir. Tabii ki, Almanca \u00f6\u011fretmenlerimizin tav\u0131rlar\u0131na da b\u00fcy\u00fck \u00f6nem veriyoruz, b\u00f6ylece Almanca&#8217;y\u0131 rahat bir \u015fekilde anlay\u0131\u015fla ve dost\u00e7a bir atmosferde \u00f6\u011frenebilirsiniz.<br \/>\n[\/vc_column_text][\/vc_column][\/vc_row]<\/p>\n","protected":false},"excerpt":{"rendered":"<p>[vc_row css=&#8221;.vc_custom_1680074978410{margin-top: 40px !important;}&#8221;][vc_column][vc_column_text] K\u00f6ln&#8217;de ak\u015fam Almanca kurslar\u0131 &#8211; yeni ba\u015flayanlar ve ileri seviyedekiler i\u00e7in [\/vc_column_text][vc_row_inner][vc_column_inner width=&#8221;1\/2&#8243;][vc_single_image image=&#8221;8645&#8243; img_size=&#8221;full&#8221;][\/vc_column_inner][vc_column_inner width=&#8221;1\/2&#8243;][vc_column_text]Almanca \u00f6\u011frenmek veya mevcut bilginizi geli\u015ftirmek istiyorsunuz ancak yo\u011fun bir kurs i\u00e7in zaman\u0131n\u0131z m\u0131 yok? Bir ak\u015fam kursunda dil becerilerinizi optimize etmek i\u00e7in teklifimizden yararlan\u0131n! K\u00f6ln&#8217;deki profesyonel Almanca \u00f6\u011fretmenlerimizin hepsinin anadili Almanca&#8217;d\u0131r ve Almanca dilini otantik&hellip; <a class=\"read-more\" href=\"https:\/\/www.sprachschule-aktiv-koeln.de\/tr\/aksam-almanca-kurslari\/\" title=\"Read Ak\u015fam Almanca kurslar\u0131\">Read more &raquo;<\/a><\/p>\n","protected":false},"author":2,"featured_media":0,"parent":0,"menu_order":0,"comment_status":"closed","ping_status":"closed","template":"","meta":{"footnotes":""},"class_list":["post-8642","page","type-page","status-publish","hentry"],"yoast_head":"<!-- This site is optimized with the Yoast SEO plugin v27.2 - https:\/\/yoast.com\/product\/yoast-seo-wordpress\/ -->\n<title>K\u00f6ln\u2019de ak\u015fam Almanca kurslar\u0131 \u2013 yeni ba\u015flayanlar ve ileri seviyedekiler i\u00e7in<\/title>\n<meta name=\"description\" content=\"K\u00f6ln&#039;de bir ak\u015fam kursunda etkili bir \u015fekilde Almanca \u00f6\u011frenin! \u00dccretsiz deneme dersi ile yeni ba\u015flayanlar ve ileri d\u00fczey \u00f6\u011frenciler i\u00e7in i\u015ften sonra Almanca dersleri.\" \/>\n<meta name=\"robots\" content=\"index, follow, max-snippet:-1, max-image-preview:large, max-video-preview:-1\" \/>\n<link rel=\"canonical\" href=\"https:\/\/www.sprachschule-aktiv-koeln.de\/tr\/aksam-almanca-kurslari\/\" \/>\n<meta property=\"og:locale\" content=\"tr_TR\" \/>\n<meta property=\"og:type\" content=\"article\" \/>\n<meta property=\"og:title\" content=\"K\u00f6ln\u2019de ak\u015fam Almanca kurslar\u0131 \u2013 yeni ba\u015flayanlar ve ileri seviyedekiler i\u00e7in\" \/>\n<meta property=\"og:description\" content=\"K\u00f6ln&#039;de bir ak\u015fam kursunda etkili bir \u015fekilde Almanca \u00f6\u011frenin! \u00dccretsiz deneme dersi ile yeni ba\u015flayanlar ve ileri d\u00fczey \u00f6\u011frenciler i\u00e7in i\u015ften sonra Almanca dersleri.\" \/>\n<meta property=\"og:url\" content=\"https:\/\/www.sprachschule-aktiv-koeln.de\/tr\/aksam-almanca-kurslari\/\" \/>\n<meta property=\"og:site_name\" content=\"Sprachschule Aktiv K\u00f6ln\" \/>\n<meta property=\"article:modified_time\" content=\"2026-03-18T08:27:24+00:00\" \/>\n<meta name=\"twitter:card\" content=\"summary_large_image\" \/>\n<meta name=\"twitter:label1\" content=\"Tahmini okuma s\u00fcresi\" \/>\n\t<meta name=\"twitter:data1\" content=\"3 dakika\" \/>\n<script type=\"application\/ld+json\" class=\"yoast-schema-graph\">{\"@context\":\"https:\/\/schema.org\",\"@graph\":[{\"@type\":\"WebPage\",\"@id\":\"https:\/\/www.sprachschule-aktiv-koeln.de\/tr\/aksam-almanca-kurslari\/\",\"url\":\"https:\/\/www.sprachschule-aktiv-koeln.de\/tr\/aksam-almanca-kurslari\/\",\"name\":\"K\u00f6ln\u2019de ak\u015fam Almanca kurslar\u0131 \u2013 yeni ba\u015flayanlar ve ileri seviyedekiler i\u00e7in\",\"isPartOf\":{\"@id\":\"https:\/\/www.sprachschule-aktiv-koeln.de\/#website\"},\"datePublished\":\"2019-11-06T15:29:37+00:00\",\"dateModified\":\"2026-03-18T08:27:24+00:00\",\"description\":\"K\u00f6ln'de bir ak\u015fam kursunda etkili bir \u015fekilde Almanca \u00f6\u011frenin! \u00dccretsiz deneme dersi ile yeni ba\u015flayanlar ve ileri d\u00fczey \u00f6\u011frenciler i\u00e7in i\u015ften sonra Almanca dersleri.\",\"breadcrumb\":{\"@id\":\"https:\/\/www.sprachschule-aktiv-koeln.de\/tr\/aksam-almanca-kurslari\/#breadcrumb\"},\"inLanguage\":\"tr\",\"potentialAction\":[{\"@type\":\"ReadAction\",\"target\":[\"https:\/\/www.sprachschule-aktiv-koeln.de\/tr\/aksam-almanca-kurslari\/\"]}]},{\"@type\":\"BreadcrumbList\",\"@id\":\"https:\/\/www.sprachschule-aktiv-koeln.de\/tr\/aksam-almanca-kurslari\/#breadcrumb\",\"itemListElement\":[{\"@type\":\"ListItem\",\"position\":1,\"name\":\"Startseite\",\"item\":\"https:\/\/www.sprachschule-aktiv-koeln.de\/tr\/\"},{\"@type\":\"ListItem\",\"position\":2,\"name\":\"Ak\u015fam Almanca kurslar\u0131\"}]},{\"@type\":\"WebSite\",\"@id\":\"https:\/\/www.sprachschule-aktiv-koeln.de\/#website\",\"url\":\"https:\/\/www.sprachschule-aktiv-koeln.de\/\",\"name\":\"Sprachschule Aktiv K\u00f6ln\",\"description\":\"\",\"potentialAction\":[{\"@type\":\"SearchAction\",\"target\":{\"@type\":\"EntryPoint\",\"urlTemplate\":\"https:\/\/www.sprachschule-aktiv-koeln.de\/?s={search_term_string}\"},\"query-input\":{\"@type\":\"PropertyValueSpecification\",\"valueRequired\":true,\"valueName\":\"search_term_string\"}}],\"inLanguage\":\"tr\"}]}<\/script>\n<!-- \/ Yoast SEO plugin. -->","yoast_head_json":{"title":"K\u00f6ln\u2019de ak\u015fam Almanca kurslar\u0131 \u2013 yeni ba\u015flayanlar ve ileri seviyedekiler i\u00e7in","description":"K\u00f6ln'de bir ak\u015fam kursunda etkili bir \u015fekilde Almanca \u00f6\u011frenin! \u00dccretsiz deneme dersi ile yeni ba\u015flayanlar ve ileri d\u00fczey \u00f6\u011frenciler i\u00e7in i\u015ften sonra Almanca dersleri.","robots":{"index":"index","follow":"follow","max-snippet":"max-snippet:-1","max-image-preview":"max-image-preview:large","max-video-preview":"max-video-preview:-1"},"canonical":"https:\/\/www.sprachschule-aktiv-koeln.de\/tr\/aksam-almanca-kurslari\/","og_locale":"tr_TR","og_type":"article","og_title":"K\u00f6ln\u2019de ak\u015fam Almanca kurslar\u0131 \u2013 yeni ba\u015flayanlar ve ileri seviyedekiler i\u00e7in","og_description":"K\u00f6ln'de bir ak\u015fam kursunda etkili bir \u015fekilde Almanca \u00f6\u011frenin! \u00dccretsiz deneme dersi ile yeni ba\u015flayanlar ve ileri d\u00fczey \u00f6\u011frenciler i\u00e7in i\u015ften sonra Almanca dersleri.","og_url":"https:\/\/www.sprachschule-aktiv-koeln.de\/tr\/aksam-almanca-kurslari\/","og_site_name":"Sprachschule Aktiv K\u00f6ln","article_modified_time":"2026-03-18T08:27:24+00:00","twitter_card":"summary_large_image","twitter_misc":{"Tahmini okuma s\u00fcresi":"3 dakika"},"schema":{"@context":"https:\/\/schema.org","@graph":[{"@type":"WebPage","@id":"https:\/\/www.sprachschule-aktiv-koeln.de\/tr\/aksam-almanca-kurslari\/","url":"https:\/\/www.sprachschule-aktiv-koeln.de\/tr\/aksam-almanca-kurslari\/","name":"K\u00f6ln\u2019de ak\u015fam Almanca kurslar\u0131 \u2013 yeni ba\u015flayanlar ve ileri seviyedekiler i\u00e7in","isPartOf":{"@id":"https:\/\/www.sprachschule-aktiv-koeln.de\/#website"},"datePublished":"2019-11-06T15:29:37+00:00","dateModified":"2026-03-18T08:27:24+00:00","description":"K\u00f6ln'de bir ak\u015fam kursunda etkili bir \u015fekilde Almanca \u00f6\u011frenin! \u00dccretsiz deneme dersi ile yeni ba\u015flayanlar ve ileri d\u00fczey \u00f6\u011frenciler i\u00e7in i\u015ften sonra Almanca dersleri.","breadcrumb":{"@id":"https:\/\/www.sprachschule-aktiv-koeln.de\/tr\/aksam-almanca-kurslari\/#breadcrumb"},"inLanguage":"tr","potentialAction":[{"@type":"ReadAction","target":["https:\/\/www.sprachschule-aktiv-koeln.de\/tr\/aksam-almanca-kurslari\/"]}]},{"@type":"BreadcrumbList","@id":"https:\/\/www.sprachschule-aktiv-koeln.de\/tr\/aksam-almanca-kurslari\/#breadcrumb","itemListElement":[{"@type":"ListItem","position":1,"name":"Startseite","item":"https:\/\/www.sprachschule-aktiv-koeln.de\/tr\/"},{"@type":"ListItem","position":2,"name":"Ak\u015fam Almanca kurslar\u0131"}]},{"@type":"WebSite","@id":"https:\/\/www.sprachschule-aktiv-koeln.de\/#website","url":"https:\/\/www.sprachschule-aktiv-koeln.de\/","name":"Sprachschule Aktiv K\u00f6ln","description":"","potentialAction":[{"@type":"SearchAction","target":{"@type":"EntryPoint","urlTemplate":"https:\/\/www.sprachschule-aktiv-koeln.de\/?s={search_term_string}"},"query-input":{"@type":"PropertyValueSpecification","valueRequired":true,"valueName":"search_term_string"}}],"inLanguage":"tr"}]}},"_links":{"self":[{"href":"https:\/\/www.sprachschule-aktiv-koeln.de\/tr\/wp-json\/wp\/v2\/pages\/8642","targetHints":{"allow":["GET"]}}],"collection":[{"href":"https:\/\/www.sprachschule-aktiv-koeln.de\/tr\/wp-json\/wp\/v2\/pages"}],"about":[{"href":"https:\/\/www.sprachschule-aktiv-koeln.de\/tr\/wp-json\/wp\/v2\/types\/page"}],"author":[{"embeddable":true,"href":"https:\/\/www.sprachschule-aktiv-koeln.de\/tr\/wp-json\/wp\/v2\/users\/2"}],"replies":[{"embeddable":true,"href":"https:\/\/www.sprachschule-aktiv-koeln.de\/tr\/wp-json\/wp\/v2\/comments?post=8642"}],"version-history":[{"count":4,"href":"https:\/\/www.sprachschule-aktiv-koeln.de\/tr\/wp-json\/wp\/v2\/pages\/8642\/revisions"}],"predecessor-version":[{"id":13278,"href":"https:\/\/www.sprachschule-aktiv-koeln.de\/tr\/wp-json\/wp\/v2\/pages\/8642\/revisions\/13278"}],"wp:attachment":[{"href":"https:\/\/www.sprachschule-aktiv-koeln.de\/tr\/wp-json\/wp\/v2\/media?parent=8642"}],"curies":[{"name":"wp","href":"https:\/\/api.w.org\/{rel}","templated":true}]}}